{"id":531,"date":"2018-11-26T12:46:25","date_gmt":"2018-11-26T12:46:25","guid":{"rendered":"http:\/\/marwas.eu\/index.php\/product-2\/"},"modified":"2023-02-21T08:45:34","modified_gmt":"2023-02-21T07:45:34","slug":"uslugi","status":"publish","type":"page","link":"https:\/\/marwas.eu\/index.php\/uslugi\/","title":{"rendered":"Us\u0142ugi"},"content":{"rendered":"\t\t<div data-elementor-type=\"wp-post\" data-elementor-id=\"531\" class=\"elementor elementor-531\">\n\t\t\t\t\t\t<section class=\"elementor-section elementor-top-section elementor-element elementor-element-39dabc18 elementor-section-content-middle elementor-section-boxed elementor-section-height-default elementor-section-height-default\" data-id=\"39dabc18\" data-element_type=\"section\" data-settings=\"{&quot;background_background&quot;:&quot;classic&quot;}\">\n\t\t\t\t\t\t\t<div class=\"elementor-background-overlay\"><\/div>\n\t\t\t\t\t\t\t<div class=\"elementor-container elementor-column-gap-no\">\n\t\t\t\t\t<div class=\"elementor-column elementor-col-100 elementor-top-column elementor-element elementor-element-f60585f\" data-id=\"f60585f\" data-element_type=\"column\">\n\t\t\t<div class=\"elementor-widget-wrap elementor-element-populated\">\n\t\t\t\t\t\t<div class=\"elementor-element elementor-element-438af913 elementor-widget elementor-widget-heading\" data-id=\"438af913\" data-element_type=\"widget\" data-widget_type=\"heading.default\">\n\t\t\t\t<div class=\"elementor-widget-container\">\n\t\t\t\t\t<h1 class=\"elementor-heading-title elementor-size-default\">Us\u0142ugi<\/h1>\t\t\t\t<\/div>\n\t\t\t\t<\/div>\n\t\t\t\t\t<\/div>\n\t\t<\/div>\n\t\t\t\t\t<\/div>\n\t\t<\/section>\n\t\t\t\t<section class=\"elementor-section elementor-top-section elementor-element elementor-element-e160972 elementor-section-content-middle elementor-section-boxed elementor-section-height-default elementor-section-height-default\" data-id=\"e160972\" data-element_type=\"section\" data-settings=\"{&quot;background_background&quot;:&quot;classic&quot;}\">\n\t\t\t\t\t\t<div class=\"elementor-container elementor-column-gap-no\">\n\t\t\t\t\t<div class=\"elementor-column elementor-col-50 elementor-top-column elementor-element elementor-element-19602117\" data-id=\"19602117\" data-element_type=\"column\">\n\t\t\t<div class=\"elementor-widget-wrap elementor-element-populated\">\n\t\t\t\t\t\t<div class=\"elementor-element elementor-element-7d44c8b8 elementor-widget elementor-widget-heading\" data-id=\"7d44c8b8\" data-element_type=\"widget\" data-widget_type=\"heading.default\">\n\t\t\t\t<div class=\"elementor-widget-container\">\n\t\t\t\t\t<h5 class=\"elementor-heading-title elementor-size-default\">Czym si\u0119 zajmujemy?<\/h5>\t\t\t\t<\/div>\n\t\t\t\t<\/div>\n\t\t\t\t<div class=\"elementor-element elementor-element-3f83780 elementor-widget elementor-widget-heading\" data-id=\"3f83780\" data-element_type=\"widget\" data-widget_type=\"heading.default\">\n\t\t\t\t<div class=\"elementor-widget-container\">\n\t\t\t\t\t<h2 class=\"elementor-heading-title elementor-size-default\">TRANSPORT<\/h2>\t\t\t\t<\/div>\n\t\t\t\t<\/div>\n\t\t\t\t<div class=\"elementor-element elementor-element-739c1c8 elementor-widget elementor-widget-text-editor\" data-id=\"739c1c8\" data-element_type=\"widget\" data-widget_type=\"text-editor.default\">\n\t\t\t\t<div class=\"elementor-widget-container\">\n\t\t\t\t\t\t\t\t\t<p>Nasza oferta obs\u0142uguje transporty na terenie ca\u0142ej Polski jak i te Mi\u0119dzynarodowe. Nasza flota dostosowana jest do przewo\u017cenia r\u00f3\u017cnego rodzaju produkt\u00f3w oraz doskonale sprawdzi si\u0119 w dalekich trasach mi\u0119dzy krajami. Dbamy o bezwzgl\u0119dne bezpiecze\u0144stwo i jako\u015b\u0107 \u015bwiadczonych przez nas us\u0142ug. Na ka\u017cdym kroku podejmujemy dzia\u0142ania zwi\u0119kszaj\u0105ce zadowolenie klient\u00f3w.<\/p>\t\t\t\t\t\t\t\t<\/div>\n\t\t\t\t<\/div>\n\t\t\t\t\t<\/div>\n\t\t<\/div>\n\t\t\t\t<div class=\"elementor-column elementor-col-50 elementor-top-column elementor-element elementor-element-43c2a6a2\" data-id=\"43c2a6a2\" data-element_type=\"column\">\n\t\t\t<div class=\"elementor-widget-wrap elementor-element-populated\">\n\t\t\t\t\t<div class=\"elementor-background-overlay\"><\/div>\n\t\t\t\t\t\t<div class=\"elementor-element elementor-element-40dbaea elementor-widget elementor-widget-image\" data-id=\"40dbaea\" data-element_type=\"widget\" data-widget_type=\"image.default\">\n\t\t\t\t<div class=\"elementor-widget-container\">\n\t\t\t\t\t\t\t\t\t\t\t\t\t\t\t<img fetchpriority=\"high\" decoding=\"async\" width=\"2560\" height=\"1707\" src=\"https:\/\/marwas.eu\/wp-content\/uploads\/2023\/02\/pelny-strzal-mezczyzny-idacego-przez-flote-ciezarowek-scaled.jpg\" class=\"attachment-full size-full wp-image-555\" alt=\"\" srcset=\"https:\/\/marwas.eu\/wp-content\/uploads\/2023\/02\/pelny-strzal-mezczyzny-idacego-przez-flote-ciezarowek-scaled.jpg 2560w, https:\/\/marwas.eu\/wp-content\/uploads\/2023\/02\/pelny-strzal-mezczyzny-idacego-przez-flote-ciezarowek-300x200.jpg 300w, https:\/\/marwas.eu\/wp-content\/uploads\/2023\/02\/pelny-strzal-mezczyzny-idacego-przez-flote-ciezarowek-1024x683.jpg 1024w, https:\/\/marwas.eu\/wp-content\/uploads\/2023\/02\/pelny-strzal-mezczyzny-idacego-przez-flote-ciezarowek-768x512.jpg 768w, https:\/\/marwas.eu\/wp-content\/uploads\/2023\/02\/pelny-strzal-mezczyzny-idacego-przez-flote-ciezarowek-1536x1024.jpg 1536w, https:\/\/marwas.eu\/wp-content\/uploads\/2023\/02\/pelny-strzal-mezczyzny-idacego-przez-flote-ciezarowek-2048x1365.jpg 2048w\" sizes=\"(max-width: 2560px) 100vw, 2560px\" \/>\t\t\t\t\t\t\t\t\t\t\t\t\t\t\t<\/div>\n\t\t\t\t<\/div>\n\t\t\t\t\t<\/div>\n\t\t<\/div>\n\t\t\t\t\t<\/div>\n\t\t<\/section>\n\t\t\t\t<section class=\"elementor-section elementor-top-section elementor-element elementor-element-1d4862c elementor-section-content-middle elementor-section-boxed elementor-section-height-default elementor-section-height-default\" data-id=\"1d4862c\" data-element_type=\"section\" data-settings=\"{&quot;background_background&quot;:&quot;classic&quot;}\">\n\t\t\t\t\t\t<div class=\"elementor-container elementor-column-gap-no\">\n\t\t\t\t\t<div class=\"elementor-column elementor-col-50 elementor-top-column elementor-element elementor-element-129eb8e\" data-id=\"129eb8e\" data-element_type=\"column\">\n\t\t\t<div class=\"elementor-widget-wrap elementor-element-populated\">\n\t\t\t\t\t<div class=\"elementor-background-overlay\"><\/div>\n\t\t\t\t\t\t<div class=\"elementor-element elementor-element-9f6f57f elementor-widget elementor-widget-image\" data-id=\"9f6f57f\" data-element_type=\"widget\" data-widget_type=\"image.default\">\n\t\t\t\t<div class=\"elementor-widget-container\">\n\t\t\t\t\t\t\t\t\t\t\t\t\t\t\t<img decoding=\"async\" width=\"4000\" height=\"2672\" src=\"https:\/\/marwas.eu\/wp-content\/uploads\/2023\/02\/pexels-tiger-lily-4481533-1.png\" class=\"attachment-full size-full wp-image-564\" alt=\"\" srcset=\"https:\/\/marwas.eu\/wp-content\/uploads\/2023\/02\/pexels-tiger-lily-4481533-1.png 4000w, https:\/\/marwas.eu\/wp-content\/uploads\/2023\/02\/pexels-tiger-lily-4481533-1-300x200.png 300w, https:\/\/marwas.eu\/wp-content\/uploads\/2023\/02\/pexels-tiger-lily-4481533-1-1024x684.png 1024w, https:\/\/marwas.eu\/wp-content\/uploads\/2023\/02\/pexels-tiger-lily-4481533-1-768x513.png 768w, https:\/\/marwas.eu\/wp-content\/uploads\/2023\/02\/pexels-tiger-lily-4481533-1-1536x1026.png 1536w, https:\/\/marwas.eu\/wp-content\/uploads\/2023\/02\/pexels-tiger-lily-4481533-1-2048x1368.png 2048w\" sizes=\"(max-width: 4000px) 100vw, 4000px\" \/>\t\t\t\t\t\t\t\t\t\t\t\t\t\t\t<\/div>\n\t\t\t\t<\/div>\n\t\t\t\t\t<\/div>\n\t\t<\/div>\n\t\t\t\t<div class=\"elementor-column elementor-col-50 elementor-top-column elementor-element elementor-element-b410765\" data-id=\"b410765\" data-element_type=\"column\">\n\t\t\t<div class=\"elementor-widget-wrap elementor-element-populated\">\n\t\t\t\t\t\t<div class=\"elementor-element elementor-element-56f7ad4 elementor-widget elementor-widget-heading\" data-id=\"56f7ad4\" data-element_type=\"widget\" data-widget_type=\"heading.default\">\n\t\t\t\t<div class=\"elementor-widget-container\">\n\t\t\t\t\t<h2 class=\"elementor-heading-title elementor-size-default\">SPEDYCJA<\/h2>\t\t\t\t<\/div>\n\t\t\t\t<\/div>\n\t\t\t\t<div class=\"elementor-element elementor-element-738ca13 elementor-widget elementor-widget-text-editor\" data-id=\"738ca13\" data-element_type=\"widget\" data-widget_type=\"text-editor.default\">\n\t\t\t\t<div class=\"elementor-widget-container\">\n\t\t\t\t\t\t\t\t\t<p>Zajmujemy si\u0119 organizacj\u0105 przewozu towar\u00f3w, a dok\u0142adnie ich nadaniem, transportem i odbiorem. Dzi\u0119ki nam mo\u017cliwy jest sprawny przew\u00f3z \u0142adunk\u00f3w, a co za tym idzie zachowanie p\u0142ynno\u015bci funkcjonowania przedsi\u0119biorstw i z\u0142o\u017conego \u0142a\u0144cucha dostaw.<\/p>\t\t\t\t\t\t\t\t<\/div>\n\t\t\t\t<\/div>\n\t\t\t\t<div class=\"elementor-element elementor-element-12c574b elementor-widget elementor-widget-heading\" data-id=\"12c574b\" data-element_type=\"widget\" data-widget_type=\"heading.default\">\n\t\t\t\t<div class=\"elementor-widget-container\">\n\t\t\t\t\t<h2 class=\"elementor-heading-title elementor-size-default\">LOGISTYKA<\/h2>\t\t\t\t<\/div>\n\t\t\t\t<\/div>\n\t\t\t\t<div class=\"elementor-element elementor-element-7e03c79 elementor-widget elementor-widget-text-editor\" data-id=\"7e03c79\" data-element_type=\"widget\" data-widget_type=\"text-editor.default\">\n\t\t\t\t<div class=\"elementor-widget-container\">\n\t\t\t\t\t\t\t\t\t<p>Dysponujemy du\u017c\u0105 powierzchni\u0105 magazynow\u0105, co pozwala na organizowanie prze\u0142adunk\u00f3w lub magazynowania towar\u00f3w. Posiadamy magazyny wyposa\u017cone w systemy wysokiego sk\u0142adowania,nowoczesny transport wewn\u0119trzny oraz ca\u0142odowbow\u0105 ochron\u0119 i monitoring. <\/p>\t\t\t\t\t\t\t\t<\/div>\n\t\t\t\t<\/div>\n\t\t\t\t\t<\/div>\n\t\t<\/div>\n\t\t\t\t\t<\/div>\n\t\t<\/section>\n\t\t\t\t<section class=\"elementor-section elementor-top-section elementor-element elementor-element-378c9297 elementor-section-boxed elementor-section-height-default elementor-section-height-default\" data-id=\"378c9297\" data-element_type=\"section\" data-settings=\"{&quot;background_background&quot;:&quot;classic&quot;}\">\n\t\t\t\t\t\t<div class=\"elementor-container elementor-column-gap-default\">\n\t\t\t\t\t<div class=\"elementor-column elementor-col-25 elementor-top-column elementor-element elementor-element-73648622\" data-id=\"73648622\" data-element_type=\"column\">\n\t\t\t<div class=\"elementor-widget-wrap\">\n\t\t\t\t\t\t\t<\/div>\n\t\t<\/div>\n\t\t\t\t<div class=\"elementor-column elementor-col-25 elementor-top-column elementor-element elementor-element-1bc2e4e8\" data-id=\"1bc2e4e8\" data-element_type=\"column\">\n\t\t\t<div class=\"elementor-widget-wrap elementor-element-populated\">\n\t\t\t\t\t\t<div class=\"elementor-element elementor-element-34841ca3 elementor-widget elementor-widget-heading\" data-id=\"34841ca3\" data-element_type=\"widget\" data-widget_type=\"heading.default\">\n\t\t\t\t<div class=\"elementor-widget-container\">\n\t\t\t\t\t<h3 class=\"elementor-heading-title elementor-size-default\">Chcesz skorzysta\u0107 z naszych us\u0142ug? <\/h3>\t\t\t\t<\/div>\n\t\t\t\t<\/div>\n\t\t\t\t\t<\/div>\n\t\t<\/div>\n\t\t\t\t<div class=\"elementor-column elementor-col-25 elementor-top-column elementor-element elementor-element-4eb872e2\" data-id=\"4eb872e2\" data-element_type=\"column\">\n\t\t\t<div class=\"elementor-widget-wrap elementor-element-populated\">\n\t\t\t\t\t\t<div class=\"elementor-element elementor-element-1c50f3cf elementor-align-center elementor-widget elementor-widget-button\" data-id=\"1c50f3cf\" data-element_type=\"widget\" data-widget_type=\"button.default\">\n\t\t\t\t<div class=\"elementor-widget-container\">\n\t\t\t\t\t\t\t\t\t<div class=\"elementor-button-wrapper\">\n\t\t\t\t\t<a class=\"elementor-button elementor-button-link elementor-size-sm\" href=\"#\">\n\t\t\t\t\t\t<span class=\"elementor-button-content-wrapper\">\n\t\t\t\t\t\t\t\t\t<span class=\"elementor-button-text\">Skontaktuj si\u0119 z nami <\/span>\n\t\t\t\t\t<\/span>\n\t\t\t\t\t<\/a>\n\t\t\t\t<\/div>\n\t\t\t\t\t\t\t\t<\/div>\n\t\t\t\t<\/div>\n\t\t\t\t\t<\/div>\n\t\t<\/div>\n\t\t\t\t<div class=\"elementor-column elementor-col-25 elementor-top-column elementor-element elementor-element-55460c29\" data-id=\"55460c29\" data-element_type=\"column\">\n\t\t\t<div class=\"elementor-widget-wrap\">\n\t\t\t\t\t\t\t<\/div>\n\t\t<\/div>\n\t\t\t\t\t<\/div>\n\t\t<\/section>\n\t\t\t\t<\/div>\n\t\t","protected":false},"excerpt":{"rendered":"<p>Us\u0142ugi Czym si\u0119 zajmujemy? TRANSPORT Nasza oferta obs\u0142uguje transporty na terenie ca\u0142ej Polski jak i te Mi\u0119dzynarodowe. Nasza flota dostosowana jest do przewo\u017cenia r\u00f3\u017cnego rodzaju produkt\u00f3w oraz doskonale sprawdzi si\u0119 w dalekich trasach mi\u0119dzy krajami. Dbamy o bezwzgl\u0119dne bezpiecze\u0144stwo i jako\u015b\u0107 \u015bwiadczonych przez nas us\u0142ug. Na ka\u017cdym kroku podejmujemy dzia\u0142ania zwi\u0119kszaj\u0105ce zadowolenie klient\u00f3w. SPEDYCJA Zajmujemy [&hellip;]<\/p>\n","protected":false},"author":1,"featured_media":0,"parent":0,"menu_order":0,"comment_status":"closed","ping_status":"closed","template":"","meta":{"site-sidebar-layout":"no-sidebar","site-content-layout":"page-builder","ast-site-content-layout":"","site-content-style":"default","site-sidebar-style":"default","ast-global-header-display":"","ast-banner-title-visibility":"","ast-main-header-display":"","ast-hfb-above-header-display":"","ast-hfb-below-header-display":"","ast-hfb-mobile-header-display":"","site-post-title":"disabled","ast-breadcrumbs-content":"","ast-featured-img":"disabled","footer-sml-layout":"","theme-transparent-header-meta":"enabled","adv-header-id-meta":"","stick-header-meta":"","header-above-stick-meta":"","header-main-stick-meta":"","header-below-stick-meta":"","astra-migrate-meta-layouts":"default","ast-page-background-enabled":"default","ast-page-background-meta":{"desktop":{"background-color":"","background-image":"","background-repeat":"repeat","background-position":"center center","background-size":"auto","background-attachment":"scroll","background-type":"","background-media":"","overlay-type":"","overlay-color":"","overlay-opacity":"","overlay-gradient":""},"tablet":{"background-color":"","background-image":"","background-repeat":"repeat","background-position":"center center","background-size":"auto","background-attachment":"scroll","background-type":"","background-media":"","overlay-type":"","overlay-color":"","overlay-opacity":"","overlay-gradient":""},"mobile":{"background-color":"","background-image":"","background-repeat":"repeat","background-position":"center center","background-size":"auto","background-attachment":"scroll","background-type":"","background-media":"","overlay-type":"","overlay-color":"","overlay-opacity":"","overlay-gradient":""}},"ast-content-background-meta":{"desktop":{"background-color":"var(--ast-global-color-5)","background-image":"","background-repeat":"repeat","background-position":"center center","background-size":"auto","background-attachment":"scroll","background-type":"","background-media":"","overlay-type":"","overlay-color":"","overlay-opacity":"","overlay-gradient":""},"tablet":{"background-color":"var(--ast-global-color-5)","background-image":"","background-repeat":"repeat","background-position":"center center","background-size":"auto","background-attachment":"scroll","background-type":"","background-media":"","overlay-type":"","overlay-color":"","overlay-opacity":"","overlay-gradient":""},"mobile":{"background-color":"var(--ast-global-color-5)","background-image":"","background-repeat":"repeat","background-position":"center center","background-size":"auto","background-attachment":"scroll","background-type":"","background-media":"","overlay-type":"","overlay-color":"","overlay-opacity":"","overlay-gradient":""}},"footnotes":""},"class_list":["post-531","page","type-page","status-publish","hentry"],"_links":{"self":[{"href":"https:\/\/marwas.eu\/index.php\/wp-json\/wp\/v2\/pages\/531","targetHints":{"allow":["GET"]}}],"collection":[{"href":"https:\/\/marwas.eu\/index.php\/wp-json\/wp\/v2\/pages"}],"about":[{"href":"https:\/\/marwas.eu\/index.php\/wp-json\/wp\/v2\/types\/page"}],"author":[{"embeddable":true,"href":"https:\/\/marwas.eu\/index.php\/wp-json\/wp\/v2\/users\/1"}],"replies":[{"embeddable":true,"href":"https:\/\/marwas.eu\/index.php\/wp-json\/wp\/v2\/comments?post=531"}],"version-history":[{"count":5,"href":"https:\/\/marwas.eu\/index.php\/wp-json\/wp\/v2\/pages\/531\/revisions"}],"predecessor-version":[{"id":717,"href":"https:\/\/marwas.eu\/index.php\/wp-json\/wp\/v2\/pages\/531\/revisions\/717"}],"wp:attachment":[{"href":"https:\/\/marwas.eu\/index.php\/wp-json\/wp\/v2\/media?parent=531"}],"curies":[{"name":"wp","href":"https:\/\/api.w.org\/{rel}","templated":true}]}}